{"id":67,"date":"2019-11-24T20:13:30","date_gmt":"2019-11-24T20:13:30","guid":{"rendered":"http:\/\/office-consult.webschalter.de\/?page_id=67"},"modified":"2025-11-14T17:10:25","modified_gmt":"2025-11-14T16:10:25","slug":"datenschutz","status":"publish","type":"page","link":"https:\/\/office-consult.net\/?page_id=67","title":{"rendered":"Datenschutz-Information der Office Consult"},"content":{"rendered":"\r\n<h2 class=\"wp-block-heading\"><strong>(Version 1.3; Stand 28.11.2019)<\/strong><\/h2>\r\n\r\n\r\n\r\n<p>Im Folgenden m\u00f6chten wir Sie \u00fcber die durch die Office Consult Betriebswirtschaftliche B\u00fcroorganisation Beratungsgesellschaft mbH (nachfolgend \u201e<strong>Office Consult<\/strong>\u201c genannt) durchgef\u00fchrte Verarbeitung personenbezogener Daten nach Ma\u00dfgabe des Artikel 13 der <a href=\"http:\/\/eur-lex.europa.eu\/legal-content\/DE\/TXT\/PDF\/?uri=CELEX:32016R0679&amp;from=EN\">EU-Datenschutz-Grundverordnung<\/a> (im Folgenden: DSGVO) hinweisen. Bitte lesen Sie sich unsere Datenschutz-Information sorgf\u00e4ltig durch. Sollten Sie Fragen oder Anmerkungen zu dieser Datenschutz-Information haben, k\u00f6nnen Sie diese jederzeit an die unter Ziffer 2 angegebene E-Mail-Adresse richten.<\/p>\r\n<p>&nbsp;<\/p>\r\n<p><strong><u>Inhalts\u00fcbersicht<\/u><\/strong><\/p>\r\n<ol>\r\n<li>\u00dcberblick<\/li>\r\n<li>Name und Kontaktdaten des f\u00fcr die Verarbeitung Verantwortlichen sowie des betrieblichen Datenschutzbeauftragten<\/li>\r\n<li>Zwecke der Datenverarbeitung, Rechtsgrundlagen und berechtigte Interessen, die von der Office Consult oder einem Dritten verfolgt werden sowie Kategorien von Empf\u00e4ngern\r\n<ul>\r\n<li>Aufrufen unserer Website<\/li>\r\n<li>Abschluss, Durchf\u00fchrung oder Beendigung eines Vertrages<\/li>\r\n<li>Datenverarbeitung zu Werbezwecken<\/li>\r\n<li>Stellenanzeigen \/ Bewerberdaten<\/li>\r\n<\/ul>\r\n<\/li>\r\n<li>\u00dcbermittlung an Empf\u00e4nger au\u00dferhalb der EU<\/li>\r\n<li>Ihre Rechte<\/li>\r\n<li>Dauer der Speicherung personenbezogener Daten<strong> <br \/><\/strong><\/li>\r\n<\/ol>\r\n<p>&nbsp;<\/p>\r\n<p><strong>1. \u00dcberblick<\/strong><\/p>\r\n<p>Die folgenden Datenschutzhinweise informieren Sie \u00fcber Art und Umfang der Verarbeitung sogenannter <strong>personenbezogener Daten<\/strong> durch die Office Consult. Personenbezogene Daten sind Informationen, die Ihrer Person direkt oder mittelbar zuzuordnen sind bzw. zugeordnet werden k\u00f6nnen.<\/p>\r\n<p>Die Datenverarbeitung durch die Office Consult kann <strong>im Wesentlichen in zwei Kategorien<\/strong> unterteilt werden:<\/p>\r\n<ul>\r\n<li>Zum Zwecke der Vertragsabwicklung werden alle f\u00fcr die <strong>Durchf\u00fchrung eines Vertrages<\/strong> mit der Office Consult erforderlichen Daten verarbeitet. Sind auch externe Dienstleister in die Abwicklung des Vertrages eingebunden, z.B. Logistikunternehmen oder Bezahldienstleister, werden Ihre Daten in dem jeweils erforderlichen Umfang an diese weitergegeben.<\/li>\r\n<li>Mit <strong>Aufruf der Website<\/strong> der Office Consult werden verschiedene Informationen zwischen Ihrem Endger\u00e4t und unserem Server ausgetauscht. Hierbei kann es sich auch um personenbezogene Daten handeln.<\/li>\r\n<\/ul>\r\n<p>Den Vorgaben der DSGVO entsprechend haben Sie <strong>unterschiedliche Rechte<\/strong>, die Sie uns gegen\u00fcber geltend machen k\u00f6nnen. Hierzu z\u00e4hlt u.a. das Recht, <strong>Widerspruch<\/strong> gegen ausgew\u00e4hlte Datenverarbeitungen, insbesondere Datenverarbeitungen zu Werbezwecken, einlegen zu k\u00f6nnen. Die M\u00f6glichkeit zum Widerspruch ist <strong>drucktechnisch hervorgehoben<\/strong>.<\/p>\r\n<p>Sollten Sie Fragen zu unseren Datenschutzhinweisen haben, k\u00f6nnen Sie sich jederzeit gern an unsere\/-n betrieblichen Datenschutzbeauftragte\/-n wenden. Die Kontaktdaten finden Sie nachfolgend.<\/p>\r\n<p>&nbsp;<\/p>\r\n<p><strong>2. Name und Kontaktdaten des f\u00fcr die Verarbeitung Verantwortlichen sowie des betrieblichen Datenschutzbeauftragten <\/strong><\/p>\r\n<p>Diese Datenschutz-Information gilt f\u00fcr die Datenverarbeitung durch die Office Consult Betriebswirtschaftliche B\u00fcroorganisation Beratungsgesellschaft mbH, Stresemannstr. 30, 10963 Berlin (\u201eVerantwortlicher\u201c), und f\u00fcr folgende Webseiten:<\/p>\r\n<ul>\r\n<li><a href=\"http:\/\/www.office-consult.net\">office-consult.net<\/a><\/li>\r\n<\/ul>\r\n<p>Der Datenschutzbeauftragte der Office Consult Marco Koehler ist unter der o.g. Anschrift, zu Hd. Abteilung Datenschutz, bzw. unter datenschutz@office-consult.net erreichbar.<\/p>\r\n<p>&nbsp;<\/p>\r\n<p><strong>3. Zwecke der Datenverarbeitung, Rechtsgrundlagen und berechtigte Interessen, die von der <\/strong><strong>Office Consult <\/strong><strong>oder einem Dritten verfolgt werden sowie Kategorien von Empf\u00e4ngern<\/strong><\/p>\r\n<p><strong>3.1. Aufrufen unserer Website<\/strong><\/p>\r\n<p>Beim Aufrufen unserer Website werden durch den auf Ihrem Endger\u00e4t zum Einsatz kommenden Browser automatisch Informationen an den Server unserer Website gesendet und tempor\u00e4r in einem sogenannten Log-File gespeichert. Hierauf haben wir keinen Einfluss. <strong>Folgende Informationen<\/strong> werden dabei auch ohne Ihr Zutun erfasst und bis zur automatisierten L\u00f6schung gespeichert:<\/p>\r\n<ul>\r\n<li>die IP-Adresse des anfragenden internetf\u00e4higen Ger\u00e4tes,<\/li>\r\n<li>das Datum und die Uhrzeit des Zugriffs, \u2028<\/li>\r\n<li>der Name und die URL der abgerufenen Datei, \u2028<\/li>\r\n<li>die Website, von der aus der Zugriff erfolgte (Referrer-URL), \u2028<\/li>\r\n<li>der von Ihnen verwendete Browser und ggfs. das Betriebssystem Ihres internetf\u00e4higen Rechners sowie der Name Ihres Access-Providers. \u2028<\/li>\r\n<\/ul>\r\n<p>Die Rechtsgrundlage f\u00fcr die <strong>Verarbeitung der IP-Adresse<\/strong> ist Artikel 6 Absatz 1 Buchstabe f) DSGVO. Unser berechtigtes Interesse folgt aus den nachfolgend aufgelisteten Zwecken der Datenerhebung. An dieser Stelle noch der Hinweis, dass uns aus den erhobenen Daten keine R\u00fcckschl\u00fcsse auf Ihre Identit\u00e4t m\u00f6glich sind und durch uns auch nicht gezogen werden.<\/p>\r\n<p>Die IP-Adresse Ihres Endger\u00e4tes sowie die weiteren oben aufgelisteten Daten werden durch uns f\u00fcr <strong>folgende Zwecke<\/strong> genutzt:<\/p>\r\n<ul>\r\n<li>Gew\u00e4hrleistung eines reibungslosen Verbindungsaufbaus,<\/li>\r\n<li>Gew\u00e4hrleistung einer komfortablen Nutzung unserer Website,<\/li>\r\n<li>Auswertung der Systemsicherheit und -stabilit\u00e4t sowie<\/li>\r\n<li>weitere administrative Zwecke.<\/li>\r\n<\/ul>\r\n<p>Die Daten werden f\u00fcr einen <strong>Zeitraum<\/strong> von 30 Tagen gespeichert und danach automatisch gel\u00f6scht<\/p>\r\n<p>&nbsp;<\/p>\r\n<p><strong>3.2. Abschluss, Durchf\u00fchrung oder Beendigung eines Vertrages<\/strong><\/p>\r\n<p><strong>3.2.1. Datenverarbeitung bei Vertragsabschluss<\/strong><\/p>\r\n<p>T\u00e4tigkeitsgegenstand der Office Consult ist Erbringung von IT-Dienstleistungen. In diesem Zusammenhang verarbeiten wir die f\u00fcr den<strong> Abschluss, die Durchf\u00fchrung oder die Beendigung eines Vertrages <\/strong>erforderlichen Daten. Hierzu z\u00e4hlen:<\/p>\r\n<ul>\r\n<li>Vorname, Nachname<\/li>\r\n<li>Firma\/Unternehmen<\/li>\r\n<li>Rechnungs- und Lieferanschrift<\/li>\r\n<li>E-Mail-Adresse<\/li>\r\n<li>Rechnungs- und Bezahldaten<\/li>\r\n<li>Geburtsdatum<\/li>\r\n<li>Telefonnummer<\/li>\r\n<\/ul>\r\n<p>Rechtsgrundlage hierf\u00fcr ist Artikel 6 Absatz 1 Buchstabe b) DSGVO. Soweit wir Ihre Kontaktdaten nicht f\u00fcr werbliche Zwecke nutzen (siehe unten 3.3.), speichern wir die f\u00fcr die Vertragsabwicklung erhobenen Daten bis zum Ablauf der gesetzlichen bzw. m\u00f6glicher vertraglicher Gew\u00e4hrleistungs- und Garantierechte. Nach Ablauf dieser Frist bewahren wir die nach Handels- und Steuerrecht erforderlichen Informationen des Vertragsverh\u00e4ltnisses f\u00fcr die gesetzlich bestimmten Zeitr\u00e4ume auf. F\u00fcr diesen Zeitraum (regelm\u00e4\u00dfig zehn Jahre ab Vertragsschluss) werden die Daten allein f\u00fcr den Fall einer \u00dcberpr\u00fcfung durch die Finanzverwaltung erneut verarbeitet.<\/p>\r\n<p><strong>3.2.2. Identit\u00e4t und \u00dcbermittlung an Auskunfteien<\/strong><\/p>\r\n<p>Soweit erforderlich \u00fcberpr\u00fcfen wir unter Hinzuziehung von Informationen von Dienstleistern Ihre <strong>Identit\u00e4t<\/strong>. Rechtsgrundlage hierf\u00fcr ist Artikel 6 Absatz 1 Buchstabe b) sowie Buchstabe f) DSGVO. Die Berechtigung hierzu ergibt sich dabei aus dem Schutz Ihrer Identit\u00e4t und der Vermeidung von Betrugsversuchen zu unseren Lasten. Der Umstand und das Ergebnis unserer Anfrage wird Ihrem Kundenkonto f\u00fcr die Dauer des Vertragsverh\u00e4ltnisses hinzugespeichert.<\/p>\r\n<p>F\u00fcr den <strong>Fall einer Zahlungsverz\u00f6gerung<\/strong> \u00fcbermitteln wir bei Vorliegen der sonstigen gesetzlichen Voraussetzungen die erforderlichen Daten an ein mit der Geltendmachung der Forderung beauftragtes Unternehmen. Rechtsgrundlagen hierf\u00fcr sind sowohl Artikel 6 Absatz 1 Buchstabe b) als auch Artikel 6 Absatz 1 Buchstabe f) DSGVO. Die Geltendmachung einer vertraglichen Forderung ist als ein berechtigtes Interesse im Sinne der zweitgenannten Vorschrift anzusehen. Informationen \u00fcber die Zahlungsverz\u00f6gerung oder einen etwaigen Forderungsausfall \u00fcbermitteln wir bei Vorliegen der sonstigen gesetzlichen Voraussetzungen zudem an mit uns kooperierende Auskunfteien. Rechtsgrundlage hierf\u00fcr ist Artikel 6 Absatz 1 Buchstabe f) DSGVO. Das hiernach erforderliche berechtigte Interesse ergibt sich aus unserem sowie dem Interesse Dritter an einer Reduzierung von Vertragsrisiken f\u00fcr zuk\u00fcnftige Vertr\u00e4ge.<\/p>\r\n<p><strong>3.3. Datenverarbeitung zu Werbezwecken<\/strong><\/p>\r\n<p><strong>3.3.1. Werbezwecke der Office Consult und von Dritten<\/strong><\/p>\r\n<p>Soweit Sie mit uns einen Vertrag abgeschlossen haben, f\u00fchren wir Sie als Bestandskunden. In diesem Fall verarbeiten wir Ihre <strong>postalischen Kontaktdaten<\/strong> au\u00dferhalb des Vorliegens einer konkreten Einwilligung, um Ihnen auf diesem Wege Informationen \u00fcber neue Produkte und Dienstleistungen zukommen zu lassen.<\/p>\r\n<p><strong>3.3.2. Widerspruchsrecht<\/strong><\/p>\r\n<p><strong><em>Gegen die Datenverarbeitung zu vorgenannten Zwecken k\u00f6nnen Sie jederzeit kostenfrei, f\u00fcr den jeweiligen Kommunikationskanal gesondert und mit Wirkung f\u00fcr die Zukunft Widerspruch einlegen. Hierf\u00fcr gen\u00fcgt eine E-Mail oder ein postalisches Schreiben an die unter 1. genannten Kontaktdaten.<\/em><\/strong><\/p>\r\n<p>Soweit Sie Widerspruch einlegen wird die betroffene Kontaktadresse f\u00fcr die weitere werbliche Datenverarbeitung gesperrt. Wir weisen darauf hin, dass es in Ausnahmef\u00e4llen auch noch nach Eingang Ihres Widerspruchs zu einem Versand von Werbematerial kommen kann. Dies ist technisch bedingt und bedeutet nicht, dass wir Ihren Widerspruch nicht umsetzen. Vielen Dank f\u00fcr Ihr Verst\u00e4ndnis.<\/p>\r\n<p><strong>3.4. Stellenanzeigen \/ Bewerberdaten<\/strong><\/p>\r\n<p>Von Zeit zu Zeit schreiben wir auf unserer Website offene Stellen aus, auf die Sie sich bewerben k\u00f6nnen.<\/p>\r\n<p>Wir verarbeiten die Daten, die Sie uns im Zusammenhang mit Ihrer Bewerbung zugesendet haben, um Ihre Eignung f\u00fcr die Stelle (oder ggf. andere offene Positionen in unseren Unternehmen) zu pr\u00fcfen und das Bewerbungsverfahren durchzuf\u00fchren.<\/p>\r\n<p>Rechtsgrundlage f\u00fcr die Verarbeitung Ihrer personenbezogenen Daten in diesem Bewerbungsverfahren ist prim\u00e4r \u00a7 26 BDSG in der seit dem 25.05.2018 geltenden Fassung. Danach ist die Verarbeitung der Daten zul\u00e4ssig, die im Zusammenhang mit der Entscheidung \u00fcber die Begr\u00fcndung eines Besch\u00e4ftigungsverh\u00e4ltnisses erforderlich sind.<\/p>\r\n<p>Sollten die Daten nach Abschluss des Bewerbungsverfahrens ggf. zur Rechtsverfolgung erforderlich sein, kann eine Datenverarbeitung auf Basis der Voraussetzungen von Art. 6 DSGVO, insbesondere zur Wahrnehmung von berechtigten Interessen nach Art. 6 Abs. 1 lit. f) DSGVO erfolgen. Unser Interesse besteht dann in der Geltendmachung oder Abwehr von Anspr\u00fcchen.<\/p>\r\n<p>Daten von Bewerberinnen und Bewerbern werden im Falle einer Absage nach 6 Monaten gel\u00f6scht.<\/p>\r\n<p>F\u00fcr den Fall, dass Sie einer weiteren Speicherung Ihrer personenbezogenen Daten zugestimmt haben, werden wir Ihre Daten in unseren Bewerber-Pool \u00fcbernehmen. Dort werden die Daten nach Ablauf von zwei Jahren gel\u00f6scht.<\/p>\r\n<p>Sollten Sie im Rahmen des Bewerbungsverfahrens den Zuschlag f\u00fcr eine Stelle erhalten haben, werden die Daten aus dem Bewerberdatensystem in unser Personalinformationssystem \u00fcberf\u00fchrt.<\/p>\r\n<p>&nbsp;<\/p>\r\n<p><strong>4. Empf\u00e4nger au\u00dferhalb der EU<\/strong><\/p>\r\n<p>Wir geben Ihre Daten nicht an Empf\u00e4nger mit Sitz au\u00dferhalb der Europ\u00e4ischen Union oder des Europ\u00e4ischen Wirtschaftsraumes weiter.<\/p>\r\n<p>&nbsp;<\/p>\r\n<p><strong>5. Ihre Rechte <\/strong><strong>\u2028<\/strong><\/p>\r\n<p><strong>5.1. \u00dcberblick<\/strong><\/p>\r\n<p>Neben dem Recht auf Widerruf Ihrer uns gegen\u00fcber erteilten Einwilligungen stehen Ihnen bei Vorliegen der jeweiligen gesetzlichen Voraussetzungen die folgenden weiteren Rechte zu:<\/p>\r\n<ul>\r\n<li>Recht auf Auskunft \u00fcber Ihre bei uns gespeicherten pers\u00f6nlichen Daten gem. Art. 15 DSGVO,<\/li>\r\n<li>Recht auf Berichtigung unrichtiger oder auf Vervollst\u00e4ndigung richtiger Daten gem. Art. 16 DSGVO,<\/li>\r\n<li>Recht auf L\u00f6schung Ihrer bei uns gespeicherten Daten gem. Art. 17 DSGVO, \u2028<\/li>\r\n<li>Recht auf Einschr\u00e4nkung der Verarbeitung Ihrer Daten gem. Art. 18 DSGVO,\u2028<\/li>\r\n<li>Recht auf Daten\u00fcbertragbarkeit gem. Art. 20 DSGVO.<\/li>\r\n<\/ul>\r\n<p><strong>\u00a05.2. <\/strong><strong>Widerspruchsrecht<\/strong><\/p>\r\n<p><strong><em>Unter den Voraussetzungen des Art. 21 Abs. 1 DSGVO kann der Datenverarbeitung aus Gr\u00fcnden, die sich aus der besonderen Situation der betroffenen Person ergeben, widersprochen werden.<\/em><\/strong><\/p>\r\n<p>Das vorstehende <strong>allgemeine Widerspruchsrecht<\/strong> gilt f\u00fcr alle in dieser Datenschutz-Information beschriebenen Verarbeitungszwecke, die auf Grundlage von Artikel 6 Absatz 1 Buchstabe f) DSGVO verarbeitet werden. Anders als bei dem auf die Datenverarbeitung zu werblichen Zwecken gerichteten speziellen Widerspruchsrecht (vergleiche oben 3.3.2.), sind wir nach der DSGVO zur Umsetzung eines solchen allgemeinen Widerspruchs nur verpflichtet, wenn Sie uns hierf\u00fcr Gr\u00fcnde von \u00fcbergeordneter Bedeutung nennen (z.B. eine m\u00f6gliche Gefahr f\u00fcr Leben oder Gesundheit). Dar\u00fcber hinaus besteht die M\u00f6glichkeit, sich an die f\u00fcr die Office Consult zust\u00e4ndige Aufsichtsbeh\u00f6rde, die Berliner Beauftragte f\u00fcr Datenschutz und Informationsfreiheit, zu wenden.<\/p>\r\n<p>&nbsp;<\/p>\r\n<p><strong>6. Dauer der Speicherung personenbezogener Daten<\/strong><\/p>\r\n<p>Die Dauer der Speicherung von personenbezogenen Daten bemisst sich anhand der jeweiligen gesetzlichen Aufbewahrungsfrist (z.B. handels- und steuerrechtliche Aufbewahrungsfristen). Regelm\u00e4\u00dfig betr\u00e4gt diese Frist 3 Jahre (z.B. im Falle der regelm\u00e4\u00dfigen Verj\u00e4hrungsfrist von vertraglichen Anspr\u00fcchen) bzw. 10 Jahre (z.B. im Falle steuerrechtliche Aufbewahrungsfristen). Nach Ablauf der Frist werden die entsprechenden Daten routinem\u00e4\u00dfig gel\u00f6scht, sofern sie nicht mehr zur Vertragserf\u00fcllung oder Vertragsanbahnung erforderlich sind und\/oder unsererseits kein berechtigtes Interesse an der Weiterspeicherung fortbesteht.<\/p>\r\n<p><strong>\u00a0<\/strong><\/p>\r\n<p><strong>Stand:<\/strong> November 2019<\/p>\r\n<p>\u00c4ltere Versionen der Datenschutzhinweise finden Sie hier:<\/p>\r\n<ul>\r\n<li><a href=\"https:\/\/office-consult.net\/wp-content\/uploads\/2019\/12\/OC_-Datenschutzhinweise-Information-nach-Artikel-13-DSGVO-v1.2.pdf\">Datenschutz-Information der Office Consult (Version 1.2; Stand 20.09.2018)<\/a><\/li>\r\n<\/ul>\r\n<p>&nbsp;<\/p>\r\n<p>&nbsp;<\/p>\r\n","protected":false},"excerpt":{"rendered":"<p>(Version 1.3; Stand 28.11.2019) Im Folgenden m\u00f6chten wir Sie \u00fcber die durch die Office Consult Betriebswirtschaftliche B\u00fcroorganisation Beratungsgesellschaft mbH (nachfolgend \u201eOffice Consult\u201c genannt) durchgef\u00fchrte Verarbeitung personenbezogener Daten nach Ma\u00dfgabe des Artikel 13 der EU-Datenschutz-Grundverordnung (im Folgenden: DSGVO) hinweisen. Bitte lesen Sie sich unsere Datenschutz-Information sorgf\u00e4ltig durch. Sollten Sie Fragen oder Anmerkungen zu dieser Datenschutz-Information haben,&hellip;&nbsp;<a href=\"https:\/\/office-consult.net\/?page_id=67\" rel=\"bookmark\">Weiterlesen &raquo;<span class=\"screen-reader-text\">Datenschutz-Information der Office Consult<\/span><\/a><\/p>\n","protected":false},"author":1,"featured_media":0,"parent":0,"menu_order":0,"comment_status":"closed","ping_status":"closed","template":"","meta":{"neve_meta_sidebar":"full-width","neve_meta_container":"","neve_meta_enable_content_width":"on","neve_meta_content_width":100,"neve_meta_title_alignment":"","neve_meta_author_avatar":"","neve_post_elements_order":"","neve_meta_disable_header":"","neve_meta_disable_footer":"","neve_meta_disable_title":"","footnotes":""},"class_list":["post-67","page","type-page","status-publish","hentry"],"_links":{"self":[{"href":"https:\/\/office-consult.net\/index.php?rest_route=\/wp\/v2\/pages\/67","targetHints":{"allow":["GET"]}}],"collection":[{"href":"https:\/\/office-consult.net\/index.php?rest_route=\/wp\/v2\/pages"}],"about":[{"href":"https:\/\/office-consult.net\/index.php?rest_route=\/wp\/v2\/types\/page"}],"author":[{"embeddable":true,"href":"https:\/\/office-consult.net\/index.php?rest_route=\/wp\/v2\/users\/1"}],"replies":[{"embeddable":true,"href":"https:\/\/office-consult.net\/index.php?rest_route=%2Fwp%2Fv2%2Fcomments&post=67"}],"version-history":[{"count":1,"href":"https:\/\/office-consult.net\/index.php?rest_route=\/wp\/v2\/pages\/67\/revisions"}],"predecessor-version":[{"id":131,"href":"https:\/\/office-consult.net\/index.php?rest_route=\/wp\/v2\/pages\/67\/revisions\/131"}],"wp:attachment":[{"href":"https:\/\/office-consult.net\/index.php?rest_route=%2Fwp%2Fv2%2Fmedia&parent=67"}],"curies":[{"name":"wp","href":"https:\/\/api.w.org\/{rel}","templated":true}]}}