{"id":52,"date":"2025-03-25T19:41:11","date_gmt":"2025-03-25T18:41:11","guid":{"rendered":"http:\/\/office-consult.webschalter.de\/?page_id=52"},"modified":"2026-03-10T08:24:06","modified_gmt":"2026-03-10T07:24:06","slug":"impressum","status":"publish","type":"page","link":"https:\/\/office-consult.net\/?page_id=52","title":{"rendered":"Impressum"},"content":{"rendered":"\r\n<p>&nbsp;<\/p>\r\n\r\n\r\n\r\n<h2 class=\"wp-block-heading\"><b>OC Office Consult GmbH<\/b><\/h2>\r\n\r\n\r\n\r\n<p>Stresemannstr. 28<br \/>10963 Berlin<\/p>\r\n\r\n\r\n\r\n<p><strong>E-Mail-Kontakt: <\/strong><a href=\"mailto:info@office-consult.net\">info@office-consult.net<\/a><\/p>\r\n\r\n\r\n\r\n<p>&nbsp;<\/p>\r\n\r\n\r\n\r\n\r\n\r\n\r\n\r\n<p><strong>Gesch\u00e4ftsf\u00fchrer: <\/strong><br \/>Henning R\u00f6hrs, Thomas Moldenhauer, Wilfried Kapfer<\/p>\r\n<p>&nbsp;<\/p>\r\n\r\n\r\n\r\n\r\n\r\n<p><strong>Handelsregister:<\/strong> Berlin<br \/>Amtsgericht Charlottenburg<br \/>HRB 60000 \u00a0\u00a0<\/p>\r\n\r\n\r\n\r\n<p>USt-IdNr.: DE232788338<\/p>\r\n<p>W-IdNr.: DE232788338-00001<\/p>\r\n\r\n\r\n\r\n<p>&nbsp;<\/p>\r\n\r\n\r\n\r\n<p>&nbsp;<\/p>\r\n","protected":false},"excerpt":{"rendered":"<p>&nbsp; OC Office Consult GmbH Stresemannstr. 2810963 Berlin E-Mail-Kontakt: info@office-consult.net &nbsp; Gesch\u00e4ftsf\u00fchrer: Henning R\u00f6hrs, Thomas Moldenhauer, Wilfried Kapfer &nbsp; Handelsregister: BerlinAmtsgericht CharlottenburgHRB 60000 \u00a0\u00a0 USt-IdNr.: DE232788338 W-IdNr.: DE232788338-00001 &nbsp; &nbsp;<\/p>\n","protected":false},"author":1,"featured_media":0,"parent":0,"menu_order":0,"comment_status":"closed","ping_status":"closed","template":"","meta":{"neve_meta_sidebar":"full-width","neve_meta_container":"","neve_meta_enable_content_width":"on","neve_meta_content_width":100,"neve_meta_title_alignment":"","neve_meta_author_avatar":"","neve_post_elements_order":"","neve_meta_disable_header":"","neve_meta_disable_footer":"","neve_meta_disable_title":"","footnotes":""},"class_list":["post-52","page","type-page","status-publish","hentry"],"_links":{"self":[{"href":"https:\/\/office-consult.net\/index.php?rest_route=\/wp\/v2\/pages\/52","targetHints":{"allow":["GET"]}}],"collection":[{"href":"https:\/\/office-consult.net\/index.php?rest_route=\/wp\/v2\/pages"}],"about":[{"href":"https:\/\/office-consult.net\/index.php?rest_route=\/wp\/v2\/types\/page"}],"author":[{"embeddable":true,"href":"https:\/\/office-consult.net\/index.php?rest_route=\/wp\/v2\/users\/1"}],"replies":[{"embeddable":true,"href":"https:\/\/office-consult.net\/index.php?rest_route=%2Fwp%2Fv2%2Fcomments&post=52"}],"version-history":[{"count":0,"href":"https:\/\/office-consult.net\/index.php?rest_route=\/wp\/v2\/pages\/52\/revisions"}],"wp:attachment":[{"href":"https:\/\/office-consult.net\/index.php?rest_route=%2Fwp%2Fv2%2Fmedia&parent=52"}],"curies":[{"name":"wp","href":"https:\/\/api.w.org\/{rel}","templated":true}]}}