{"id":2,"date":"2016-05-10T03:48:21","date_gmt":"2016-05-10T03:48:21","guid":{"rendered":"http:\/\/office-consult.webschalter.de\/?page_id=2"},"modified":"2025-11-14T17:11:06","modified_gmt":"2025-11-14T16:11:06","slug":"sample-page","status":"publish","type":"page","link":"https:\/\/office-consult.net\/","title":{"rendered":""},"content":{"rendered":"<div id=\"abschnitt_01\" style=\"margin-top: 40px;\">\u00a0<\/div>\r\n<p style=\"text-align: center;\">Buchhaltung und IT-Management bilden die wesentliche Grundlage jedes unternehmerischen Handelns. Gesetzliche und wettbewerbsbedingte Anforderungen aber brauchen immer umfangreichere Fachkenntnisse, binden immer mehr Zeit und Ressourcen, die beim eigentlichen Unternehmenszweck fehlen.<\/p>\r\n<p style=\"text-align: center;\">Mit unserer jahrelangen Expertise, insbesondere f\u00fcr Non-Profit-Organisationen, \u00fcbernehmen wir als spezialisierter Dienstleister alle Aufgaben in der Finanzbuchhaltung und im Personalbereich. Auch beim Management und Betrieb der IT-Infrastruktur und -Anwendungen unterst\u00fctzen wir Sie.<\/p>\r\n<p style=\"text-align: center;\">Wir sind stolz auf unsere Zuverl\u00e4ssigkeit und Stabilit\u00e4t. Wir sehen uns aber auch als Impulsgeber f\u00fcr unsere Kunden, Prozesse und Leistungen kontinuierlich weiter zu entwickeln.<\/p>\r\n<p style=\"text-align: center;\">Sie fokussieren sich auf Ihre Kunden und Ihr Kerngesch\u00e4ft.<br \/>Wir sorgen f\u00fcr den reibungslosen Betrieb im Hintergrund.<\/p>\r\n\r\n<h1 id=\"abschnitt_02\" style=\"text-align: center;\">FINANZBUCHHALTUNG<\/h1>\r\n<p style=\"text-align: center;\">Im Rahmen Ihres Umfeldes und von bew\u00e4hrten Standards<br \/>finden wir die beste L\u00f6sung f\u00fcr Ihr Unternehmen.<\/p>\r\n\r\n<h1 id=\"abschnitt_03\" style=\"text-align: center; margin-top: 50px;\">PERSONALBEREICH<\/h1>\r\n<p style=\"text-align: center;\">Wir \u00fcbernehmen f\u00fcr Sie die Lohn- und Gehaltsabrechnung &#8211; zuverl\u00e4ssig und stets korrekt. Dabei ber\u00fccksichtigen wir die gesetzlichen, tariflichen, betrieblichen und arbeitsvertraglichen Vorgaben. Erg\u00e4nzend k\u00fcmmern wir uns um die Erfassung und Verarbeitung der Arbeitszeiten, was auch die Abbildung von neuen flexiblen Arbeitsmodellen beinhaltet. Zudem k\u00f6nnen wir Sie auch bei Personalsuche, -auswahl und -austritt unterst\u00fctzen.<\/p>\r\n\r\n<h1 id=\"abschnitt_04\" style=\"text-align: center; margin-top: 50px;\">IT UND DATENSICHERHEIT<\/h1>\r\n<p style=\"text-align: center;\">Eine ad\u00e4quate IT-Infrastruktur und Betreuung ist die Grundlage f\u00fcr erfolgreiches, unternehmerisches Handeln. Ad\u00e4quat hei\u00dft f\u00fcr uns: Wir gleichen unter gegebenen Rahmenbedingungen und Standards das technologisch Denkbare mit dem Machbaren ab.<\/p>\r\n<p style=\"text-align: center;\">Wir bieten einen abschlie\u00dfenden Support aus einer Hand. Unsere Experten f\u00fcr den Betrieb der IT-Infrastruktur, die Datenbanken sowie die Anwendungsentwicklung und Steuerung der IT-Partner helfen den Anwendern schnell und direkt bei Ihren IT-Problemen.<\/p>\r\n<p><\/p>\r\n<h1 id=\"abschnitt_04\" style=\"text-align: center; margin-top: 50px;\">\u00dcBER UNS<\/h1>\r\n<p><\/p>\r\n<h1 id=\"abschnitt_04\" style=\"text-align: center; margin-top: 50px;\">JOBS<\/h1>\r\n\r\n\r\n\r\n<p>&nbsp;<\/p>\r\n","protected":false},"excerpt":{"rendered":"<p>\u00a0 Buchhaltung und IT-Management bilden die wesentliche Grundlage jedes unternehmerischen Handelns. Gesetzliche und wettbewerbsbedingte Anforderungen aber brauchen immer umfangreichere Fachkenntnisse, binden immer mehr Zeit und Ressourcen, die beim eigentlichen Unternehmenszweck fehlen. Mit unserer jahrelangen Expertise, insbesondere f\u00fcr Non-Profit-Organisationen, \u00fcbernehmen wir als spezialisierter Dienstleister alle Aufgaben in der Finanzbuchhaltung und im Personalbereich. Auch beim Management und&hellip;&nbsp;<a href=\"https:\/\/office-consult.net\/\" rel=\"bookmark\">Weiterlesen &raquo;<span class=\"screen-reader-text\"><\/span><\/a><\/p>\n","protected":false},"author":1,"featured_media":0,"parent":0,"menu_order":0,"comment_status":"closed","ping_status":"closed","template":"","meta":{"neve_meta_sidebar":"","neve_meta_container":"","neve_meta_enable_content_width":"off","neve_meta_content_width":100,"neve_meta_title_alignment":"","neve_meta_author_avatar":"","neve_post_elements_order":"","neve_meta_disable_header":"","neve_meta_disable_footer":"","neve_meta_disable_title":"","footnotes":""},"class_list":["post-2","page","type-page","status-publish","hentry"],"_links":{"self":[{"href":"https:\/\/office-consult.net\/index.php?rest_route=\/wp\/v2\/pages\/2","targetHints":{"allow":["GET"]}}],"collection":[{"href":"https:\/\/office-consult.net\/index.php?rest_route=\/wp\/v2\/pages"}],"about":[{"href":"https:\/\/office-consult.net\/index.php?rest_route=\/wp\/v2\/types\/page"}],"author":[{"embeddable":true,"href":"https:\/\/office-consult.net\/index.php?rest_route=\/wp\/v2\/users\/1"}],"replies":[{"embeddable":true,"href":"https:\/\/office-consult.net\/index.php?rest_route=%2Fwp%2Fv2%2Fcomments&post=2"}],"version-history":[{"count":0,"href":"https:\/\/office-consult.net\/index.php?rest_route=\/wp\/v2\/pages\/2\/revisions"}],"wp:attachment":[{"href":"https:\/\/office-consult.net\/index.php?rest_route=%2Fwp%2Fv2%2Fmedia&parent=2"}],"curies":[{"name":"wp","href":"https:\/\/api.w.org\/{rel}","templated":true}]}}